{"id":329,"date":"2023-02-26T11:01:07","date_gmt":"2023-02-26T11:01:07","guid":{"rendered":"https:\/\/kls-pharmarobotics.fr\/?page_id=329"},"modified":"2023-03-03T14:41:24","modified_gmt":"2023-03-03T14:41:24","slug":"references","status":"publish","type":"page","link":"https:\/\/kls-pharmarobotics.fr\/index.php\/references\/","title":{"rendered":"R\u00e9f\u00e9rences"},"content":{"rendered":"<p>[et_pb_section fb_built=\u00a0\u00bb1&Prime; admin_label=\u00a0\u00bbHeader\u00a0\u00bb _builder_version=\u00a0\u00bb4.20.0&Prime; background_image=\u00a0\u00bbhttps:\/\/kls-pharmarobotics.fr\/wp-content\/uploads\/2023\/02\/Fond-gris-References-1.jpg\u00a0\u00bb min_height=\u00a0\u00bb30vw\u00a0\u00bb max_height=\u00a0\u00bb179vw\u00a0\u00bb custom_margin=\u00a0\u00bb||||false|false\u00a0\u00bb custom_padding=\u00a0\u00bb27px||||false|false\u00a0\u00bb locked=\u00a0\u00bboff\u00a0\u00bb global_colors_info=\u00a0\u00bb{}\u00a0\u00bb][et_pb_row column_structure=\u00a0\u00bb1_2,1_2&Prime; _builder_version=\u00a0\u00bb4.20.0&Prime; global_colors_info=\u00a0\u00bb{}\u00a0\u00bb][et_pb_column type=\u00a0\u00bb1_2&Prime; _builder_version=\u00a0\u00bb4.20.0&Prime; background_enable_color=\u00a0\u00bboff\u00a0\u00bb custom_padding=\u00a0\u00bb||||false|false\u00a0\u00bb global_colors_info=\u00a0\u00bb{}\u00a0\u00bb custom_padding__hover=\u00a0\u00bb|||\u00a0\u00bb][et_pb_text _builder_version=\u00a0\u00bb4.20.0&Prime; text_font=\u00a0\u00bb||||||||\u00a0\u00bb header_font=\u00a0\u00bbGlegoo|700|||||||\u00a0\u00bb header_text_color=\u00a0\u00bb#0057a2&Prime; header_font_size=\u00a0\u00bb64px\u00a0\u00bb header_line_height=\u00a0\u00bb1.3em\u00a0\u00bb text_orientation=\u00a0\u00bbright\u00a0\u00bb background_layout=\u00a0\u00bbdark\u00a0\u00bb width=\u00a0\u00bb100%\u00a0\u00bb max_width=\u00a0\u00bb100%\u00a0\u00bb custom_margin=\u00a0\u00bb||-12px|||\u00a0\u00bb custom_padding=\u00a0\u00bb88px|4vw|88px|4vw|true|true\u00a0\u00bb custom_padding_tablet=\u00a0\u00bb40px|40px|40px|40px|true|true\u00a0\u00bb custom_padding_phone=\u00a0\u00bb20px|20px|20px|20px|true|true\u00a0\u00bb custom_padding_last_edited=\u00a0\u00bbon|desktop\u00a0\u00bb header_font_size_tablet=\u00a0\u00bb50px\u00a0\u00bb header_font_size_phone=\u00a0\u00bb30px\u00a0\u00bb header_font_size_last_edited=\u00a0\u00bbon|phone\u00a0\u00bb box_shadow_style=\u00a0\u00bbpreset1&Prime; box_shadow_vertical=\u00a0\u00bb40px\u00a0\u00bb box_shadow_blur=\u00a0\u00bb200px\u00a0\u00bb box_shadow_spread=\u00a0\u00bb-10px\u00a0\u00bb global_colors_info=\u00a0\u00bb{}\u00a0\u00bb]<\/p>\n<h1>Nos r\u00e9f\u00e9rences<\/h1>\n<p>[\/et_pb_text][\/et_pb_column][et_pb_column type=\u00a0\u00bb1_2&Prime; _builder_version=\u00a0\u00bb4.20.0&Prime; custom_padding=\u00a0\u00bb||||false|false\u00a0\u00bb custom_padding_tablet=\u00a0\u00bb20px|||\u00a0\u00bb custom_padding_phone=\u00a0\u00bb20px|||\u00a0\u00bb custom_padding_last_edited=\u00a0\u00bbon|phone\u00a0\u00bb global_colors_info=\u00a0\u00bb{}\u00a0\u00bb padding_tablet=\u00a0\u00bb20px|||\u00a0\u00bb padding_last_edited=\u00a0\u00bbon|phone\u00a0\u00bb custom_padding__hover=\u00a0\u00bb|||\u00a0\u00bb padding_phone=\u00a0\u00bb20px|||\u00a0\u00bb][et_pb_text _builder_version=\u00a0\u00bb4.20.0&Prime; text_font=\u00a0\u00bb|600|||||||\u00a0\u00bb text_text_color=\u00a0\u00bb#0057a2&Prime; text_font_size=\u00a0\u00bb16px\u00a0\u00bb text_line_height=\u00a0\u00bb1.9em\u00a0\u00bb background_layout=\u00a0\u00bbdark\u00a0\u00bb custom_margin=\u00a0\u00bb71px||||false|false\u00a0\u00bb custom_margin_tablet=\u00a0\u00bb0px||||false|false\u00a0\u00bb custom_margin_phone=\u00a0\u00bb0px||||false|false\u00a0\u00bb custom_margin_last_edited=\u00a0\u00bbon|phone\u00a0\u00bb custom_padding=\u00a0\u00bb0px||0px||false|false\u00a0\u00bb text_font_size_tablet=\u00a0\u00bb\u00a0\u00bb text_font_size_phone=\u00a0\u00bb14px\u00a0\u00bb text_font_size_last_edited=\u00a0\u00bbon|phone\u00a0\u00bb global_colors_info=\u00a0\u00bb{}\u00a0\u00bb]<\/p>\n<p>Apr\u00e8s avoir conquis le march\u00e9 Allemand, Autrichien, Espagnole, du Danemark, du Pays Bas, Suisse, Polonais, mais aussi en celui de l\u2019Argentine et du Kowe\u00eft, KLS s\u2019implante en France.<\/p>\n<p>&nbsp;<\/p>\n<p>Nos clients sont nos meilleurs prescriteurs&#8230;<\/p>\n<p>[\/et_pb_text][et_pb_button button_url=\u00a0\u00bb#Comment%20\u00e7a%20marche\u00a0\u00bb button_text=\u00a0\u00bbVoir le film\u00a0\u00bb _builder_version=\u00a0\u00bb4.20.0&Prime; custom_button=\u00a0\u00bbon\u00a0\u00bb button_text_size=\u00a0\u00bb15px\u00a0\u00bb button_text_color=\u00a0\u00bb#0057a2&Prime; button_bg_color=\u00a0\u00bbrgba(255,255,255,0)\u00a0\u00bb button_border_color=\u00a0\u00bb#0057a2&Prime; button_border_radius=\u00a0\u00bb0px\u00a0\u00bb button_letter_spacing=\u00a0\u00bb2px\u00a0\u00bb button_font=\u00a0\u00bb|700||on|||||\u00a0\u00bb custom_margin=\u00a0\u00bb38px||||false|\u00a0\u00bb custom_padding=\u00a0\u00bb14px|40px|14px|40px|true|true\u00a0\u00bb box_shadow_style=\u00a0\u00bbpreset7&Prime; box_shadow_horizontal=\u00a0\u00bb0px\u00a0\u00bb box_shadow_vertical=\u00a0\u00bb0px\u00a0\u00bb box_shadow_color=\u00a0\u00bb#ffffff\u00a0\u00bb global_colors_info=\u00a0\u00bb{}\u00a0\u00bb button_bg_color__hover_enabled=\u00a0\u00bbon|hover\u00a0\u00bb box_shadow_vertical__hover=\u00a0\u00bb200px\u00a0\u00bb box_shadow_horizontal__hover_enabled=\u00a0\u00bbon\u00a0\u00bb box_shadow_horizontal__hover=\u00a0\u00bb350px\u00a0\u00bb button_text_color__hover_enabled=\u00a0\u00bbon|hover\u00a0\u00bb button_text_color__hover=\u00a0\u00bb#0057a2&Prime; button_bg_color__hover=\u00a0\u00bbrgba(255,255,255,0.57)\u00a0\u00bb button_bg_enable_color__hover=\u00a0\u00bbon\u00a0\u00bb][\/et_pb_button][\/et_pb_column][\/et_pb_row][et_pb_row _builder_version=\u00a0\u00bb4.16&Prime; custom_margin=\u00a0\u00bb10px|auto||auto||\u00a0\u00bb custom_margin_tablet=\u00a0\u00bb\u00a0\u00bb custom_margin_phone=\u00a0\u00bb0px|||\u00a0\u00bb custom_margin_last_edited=\u00a0\u00bbon|phone\u00a0\u00bb custom_padding=\u00a0\u00bb10px|||||\u00a0\u00bb global_colors_info=\u00a0\u00bb{}\u00a0\u00bb][et_pb_column type=\u00a0\u00bb4_4&Prime; _builder_version=\u00a0\u00bb4.16&Prime; custom_padding=\u00a0\u00bb|||\u00a0\u00bb global_colors_info=\u00a0\u00bb{}\u00a0\u00bb custom_padding__hover=\u00a0\u00bb|||\u00a0\u00bb][et_pb_blurb url=\u00a0\u00bb#\u00a0\u00bb use_icon=\u00a0\u00bbon\u00a0\u00bb font_icon=\u00a0\u00bb&#x22;||divi||400&Prime; image_icon_width=\u00a0\u00bb32px\u00a0\u00bb _builder_version=\u00a0\u00bb4.20.0&Prime; custom_margin=\u00a0\u00bb||-59px|||\u00a0\u00bb icon_font_size=\u00a0\u00bb32px\u00a0\u00bb global_colors_info=\u00a0\u00bb{}\u00a0\u00bb][\/et_pb_blurb][\/et_pb_column][\/et_pb_row][\/et_pb_section][et_pb_section fb_built=\u00a0\u00bb1&Prime; _builder_version=\u00a0\u00bb4.20.0&Prime; _module_preset=\u00a0\u00bbdefault\u00a0\u00bb custom_padding=\u00a0\u00bb5px||16px|||\u00a0\u00bb global_colors_info=\u00a0\u00bb{}\u00a0\u00bb][et_pb_row column_structure=\u00a0\u00bb1_2,1_2&Prime; _builder_version=\u00a0\u00bb4.20.0&Prime; _module_preset=\u00a0\u00bbdefault\u00a0\u00bb custom_margin=\u00a0\u00bb32px|auto||auto||\u00a0\u00bb global_colors_info=\u00a0\u00bb{}\u00a0\u00bb][et_pb_column type=\u00a0\u00bb1_2&Prime; _builder_version=\u00a0\u00bb4.20.0&Prime; _module_preset=\u00a0\u00bbdefault\u00a0\u00bb global_colors_info=\u00a0\u00bb{}\u00a0\u00bb][et_pb_image src=\u00a0\u00bbhttps:\/\/kls-pharmarobotics.fr\/wp-content\/uploads\/2023\/02\/25-ans-experience.png\u00a0\u00bb title_text=\u00a0\u00bb25-ans-experience\u00a0\u00bb align=\u00a0\u00bbright\u00a0\u00bb _builder_version=\u00a0\u00bb4.20.0&Prime; _module_preset=\u00a0\u00bbdefault\u00a0\u00bb width=\u00a0\u00bb52%\u00a0\u00bb custom_margin=\u00a0\u00bb-28px||||false|false\u00a0\u00bb global_colors_info=\u00a0\u00bb{}\u00a0\u00bb][\/et_pb_image][\/et_pb_column][et_pb_column type=\u00a0\u00bb1_2&Prime; _builder_version=\u00a0\u00bb4.20.0&Prime; _module_preset=\u00a0\u00bbdefault\u00a0\u00bb global_colors_info=\u00a0\u00bb{}\u00a0\u00bb][et_pb_text _builder_version=\u00a0\u00bb4.20.0&Prime; text_font=\u00a0\u00bb||||||||\u00a0\u00bb text_font_size=\u00a0\u00bb15px\u00a0\u00bb text_line_height=\u00a0\u00bb2em\u00a0\u00bb header_2_font=\u00a0\u00bbGlegoo||||||||\u00a0\u00bb header_2_font_size=\u00a0\u00bb40px\u00a0\u00bb header_2_line_height=\u00a0\u00bb1.4em\u00a0\u00bb header_4_font=\u00a0\u00bb|700||on|||||\u00a0\u00bb header_4_text_color=\u00a0\u00bb#0057a2&Prime; header_4_font_size=\u00a0\u00bb16px\u00a0\u00bb header_4_letter_spacing=\u00a0\u00bb2px\u00a0\u00bb header_4_line_height=\u00a0\u00bb1.6em\u00a0\u00bb text_orientation=\u00a0\u00bbcenter\u00a0\u00bb max_width=\u00a0\u00bb1075px\u00a0\u00bb module_alignment=\u00a0\u00bbcenter\u00a0\u00bb custom_margin=\u00a0\u00bb||12px|||\u00a0\u00bb header_2_font_size_tablet=\u00a0\u00bb30px\u00a0\u00bb header_2_font_size_phone=\u00a0\u00bb22px\u00a0\u00bb header_2_font_size_last_edited=\u00a0\u00bbon|phone\u00a0\u00bb header_4_font_size_tablet=\u00a0\u00bb\u00a0\u00bb header_4_font_size_phone=\u00a0\u00bb14px\u00a0\u00bb header_4_font_size_last_edited=\u00a0\u00bbon|phone\u00a0\u00bb locked=\u00a0\u00bboff\u00a0\u00bb global_colors_info=\u00a0\u00bb{}\u00a0\u00bb]<\/p>\n<p style=\"text-align: left;\">Plus de 800 pharmacies ont d\u00e9j\u00e0 fait confiance \u00e0 KLS pour l\u2019automatisation de leur pharmacie et notamment la plus grosse pharmacie d\u2019Allemande (23 postes et 5000 clients par jour). Incontestablement, KLS joue dans la cour des grands.<\/p>\n<p style=\"text-align: left;\">La maturit\u00e9 \u00e9prouv\u00e9e de nos robots et l&rsquo;optimisation de nos co\u00fbts de production nous permettent de partir \u00e0 la conqu\u00eate du tr\u00e8s concurrentiel march\u00e9 fran\u00e7ais.<\/p>\n<p>[\/et_pb_text][\/et_pb_column][\/et_pb_row][et_pb_row column_structure=\u00a0\u00bb1_2,1_2&Prime; _builder_version=\u00a0\u00bb4.20.0&Prime; _module_preset=\u00a0\u00bbdefault\u00a0\u00bb global_colors_info=\u00a0\u00bb{}\u00a0\u00bb][et_pb_column type=\u00a0\u00bb1_2&Prime; _builder_version=\u00a0\u00bb4.20.0&Prime; _module_preset=\u00a0\u00bbdefault\u00a0\u00bb global_colors_info=\u00a0\u00bb{}\u00a0\u00bb][et_pb_video src=\u00a0\u00bbhttps:\/\/youtu.be\/odoN2Ry1EzY?list=PL7N_9nuvXPHqd8NIFJq3CeSEuEyxiEhzQ\u00a0\u00bb _builder_version=\u00a0\u00bb4.20.0&Prime; _module_preset=\u00a0\u00bbdefault\u00a0\u00bb global_colors_info=\u00a0\u00bb{}\u00a0\u00bb][\/et_pb_video][et_pb_text _builder_version=\u00a0\u00bb4.20.0&Prime; _module_preset=\u00a0\u00bbdefault\u00a0\u00bb custom_margin=\u00a0\u00bb-9px|||||\u00a0\u00bb global_colors_info=\u00a0\u00bb{}\u00a0\u00bb]<\/p>\n<p>Nous attendons la version fran\u00e7aise de notre film d&rsquo;animation 3D mais le concept est tellement simple que le visuel parle de lui m\u00eame.\u00a0<\/p>\n<p>[\/et_pb_text][\/et_pb_column][et_pb_column type=\u00a0\u00bb1_2&Prime; _builder_version=\u00a0\u00bb4.20.0&Prime; _module_preset=\u00a0\u00bbdefault\u00a0\u00bb global_colors_info=\u00a0\u00bb{}\u00a0\u00bb][et_pb_testimonial author=\u00a0\u00bbDoris Schwabe\u00a0\u00bb company_name=\u00a0\u00bbPharmacie Saniplus &#8211; Munich\u00a0\u00bb portrait_url=\u00a0\u00bbhttps:\/\/kls-pharmarobotics.fr\/wp-content\/uploads\/2023\/02\/Doris-Schwabe-Pharmacie-Saniplus.jpg\u00a0\u00bb _builder_version=\u00a0\u00bb4.20.0&Prime; _module_preset=\u00a0\u00bbdefault\u00a0\u00bb global_colors_info=\u00a0\u00bb{}\u00a0\u00bb]<\/p>\n<p>J&rsquo;ai choisi KLS parce que la solution robotique propos\u00e9e fonctionne de mani\u00e8re tr\u00e8s fiable et coh\u00e9rente avec notre organisation.<br \/>Nous avons pris le temps et nous nous sommes inform\u00e9s, encore et encore, puis le choix s&rsquo;est port\u00e9 sur KLS.<br \/>Aujourd&rsquo;hui je suis satisfaite d&rsquo;avoir pris cette d\u00e9cision.<\/p>\n<p>[\/et_pb_testimonial][\/et_pb_column][\/et_pb_row][\/et_pb_section][et_pb_section fb_built=\u00a0\u00bb1&Prime; make_equal=\u00a0\u00bbon\u00a0\u00bb use_custom_gutter=\u00a0\u00bbon\u00a0\u00bb gutter_width=\u00a0\u00bb2&Prime; bg_img_2=\u00a0\u00bbhttps:\/\/kls-pharmarobotics.fr\/wp-content\/uploads\/2023\/02\/business-05.jpg\u00a0\u00bb admin_label=\u00a0\u00bbMission\u00a0\u00bb _builder_version=\u00a0\u00bb4.20.0&Prime; custom_padding=\u00a0\u00bb||17px|||\u00a0\u00bb locked=\u00a0\u00bboff\u00a0\u00bb global_colors_info=\u00a0\u00bb{}\u00a0\u00bb][et_pb_row _builder_version=\u00a0\u00bb4.20.0&Prime; _module_preset=\u00a0\u00bbdefault\u00a0\u00bb custom_padding=\u00a0\u00bb||8px|||\u00a0\u00bb global_colors_info=\u00a0\u00bb{}\u00a0\u00bb][et_pb_column type=\u00a0\u00bb4_4&Prime; _builder_version=\u00a0\u00bb4.20.0&Prime; _module_preset=\u00a0\u00bbdefault\u00a0\u00bb global_colors_info=\u00a0\u00bb{}\u00a0\u00bb][et_pb_image src=\u00a0\u00bbhttps:\/\/kls-pharmarobotics.fr\/wp-content\/uploads\/2023\/02\/Icone-site-KLS.png\u00a0\u00bb title_text=\u00a0\u00bbIcone-site-KLS\u00a0\u00bb align=\u00a0\u00bbcenter\u00a0\u00bb _builder_version=\u00a0\u00bb4.20.0&Prime; _module_preset=\u00a0\u00bbdefault\u00a0\u00bb width=\u00a0\u00bb6%\u00a0\u00bb max_width=\u00a0\u00bb14%\u00a0\u00bb global_colors_info=\u00a0\u00bb{}\u00a0\u00bb][\/et_pb_image][\/et_pb_column][\/et_pb_row][\/et_pb_section]<\/p>\n","protected":false},"excerpt":{"rendered":"<p>Nos r\u00e9f\u00e9rencesApr\u00e8s avoir conquis le march\u00e9 Allemand, Autrichien, Espagnole, du Danemark, du Pays Bas, Suisse, Polonais, mais aussi en celui de l\u2019Argentine et du Kowe\u00eft, KLS s\u2019implante en France. &nbsp; Nos clients sont nos meilleurs prescriteurs&#8230;Plus de 800 pharmacies ont d\u00e9j\u00e0 fait confiance \u00e0 KLS pour l\u2019automatisation de leur pharmacie et notamment la plus grosse [&hellip;]<\/p>\n","protected":false},"author":1,"featured_media":0,"parent":0,"menu_order":0,"comment_status":"closed","ping_status":"closed","template":"","meta":{"_et_pb_use_builder":"on","_et_pb_old_content":"<!-- wp:divi\/placeholder \/-->","_et_gb_content_width":"","footnotes":""},"class_list":["post-329","page","type-page","status-publish","hentry"],"yoast_head":"<!-- This site is optimized with the Yoast SEO plugin v24.4 - https:\/\/yoast.com\/wordpress\/plugins\/seo\/ -->\n<title>R\u00e9f\u00e9rences &#8226; KLS Pharma Robotics<\/title>\n<meta name=\"description\" content=\"Apr\u00e8s avoir conquis le march\u00e9 allemand et gagn\u00e9e de nombreuses r\u00e9f\u00e9rences en Europe, KLS s&#039;implante en France en mars 2023.\" \/>\n<meta name=\"robots\" content=\"index, follow, max-snippet:-1, max-image-preview:large, max-video-preview:-1\" \/>\n<link rel=\"canonical\" href=\"https:\/\/kls-pharmarobotics.fr\/index.php\/references\/\" \/>\n<meta property=\"og:locale\" content=\"fr_FR\" \/>\n<meta property=\"og:type\" content=\"article\" \/>\n<meta property=\"og:title\" content=\"R\u00e9f\u00e9rences &#8226; KLS Pharma Robotics\" \/>\n<meta property=\"og:description\" content=\"Apr\u00e8s avoir conquis le march\u00e9 allemand et gagn\u00e9e de nombreuses r\u00e9f\u00e9rences en Europe, KLS s&#039;implante en France en mars 2023.\" \/>\n<meta property=\"og:url\" content=\"https:\/\/kls-pharmarobotics.fr\/index.php\/references\/\" \/>\n<meta property=\"og:site_name\" content=\"KLS Pharma Robotics\" \/>\n<meta property=\"article:modified_time\" content=\"2023-03-03T14:41:24+00:00\" \/>\n<meta property=\"og:image\" content=\"https:\/\/kls-pharmarobotics.fr\/wp-content\/uploads\/2023\/02\/Visu-tiroirs-robo-large-bleu.jpg\" \/>\n\t<meta property=\"og:image:width\" content=\"1654\" \/>\n\t<meta property=\"og:image:height\" content=\"998\" \/>\n\t<meta property=\"og:image:type\" content=\"image\/jpeg\" \/>\n<meta name=\"twitter:card\" content=\"summary_large_image\" \/>\n<meta name=\"twitter:label1\" content=\"Dur\u00e9e de lecture estim\u00e9e\" \/>\n\t<meta name=\"twitter:data1\" content=\"3 minutes\" \/>\n<script type=\"application\/ld+json\" class=\"yoast-schema-graph\">{\"@context\":\"https:\/\/schema.org\",\"@graph\":[{\"@type\":\"WebPage\",\"@id\":\"https:\/\/kls-pharmarobotics.fr\/index.php\/references\/\",\"url\":\"https:\/\/kls-pharmarobotics.fr\/index.php\/references\/\",\"name\":\"R\u00e9f\u00e9rences &#8226; KLS Pharma Robotics\",\"isPartOf\":{\"@id\":\"https:\/\/kls-pharmarobotics.fr\/#website\"},\"datePublished\":\"2023-02-26T11:01:07+00:00\",\"dateModified\":\"2023-03-03T14:41:24+00:00\",\"description\":\"Apr\u00e8s avoir conquis le march\u00e9 allemand et gagn\u00e9e de nombreuses r\u00e9f\u00e9rences en Europe, KLS s'implante en France en mars 2023.\",\"breadcrumb\":{\"@id\":\"https:\/\/kls-pharmarobotics.fr\/index.php\/references\/#breadcrumb\"},\"inLanguage\":\"fr-FR\",\"potentialAction\":[{\"@type\":\"ReadAction\",\"target\":[\"https:\/\/kls-pharmarobotics.fr\/index.php\/references\/\"]}]},{\"@type\":\"BreadcrumbList\",\"@id\":\"https:\/\/kls-pharmarobotics.fr\/index.php\/references\/#breadcrumb\",\"itemListElement\":[{\"@type\":\"ListItem\",\"position\":1,\"name\":\"Accueil\",\"item\":\"https:\/\/kls-pharmarobotics.fr\/\"},{\"@type\":\"ListItem\",\"position\":2,\"name\":\"R\u00e9f\u00e9rences\"}]},{\"@type\":\"WebSite\",\"@id\":\"https:\/\/kls-pharmarobotics.fr\/#website\",\"url\":\"https:\/\/kls-pharmarobotics.fr\/\",\"name\":\"KLS Pharma Robotics\",\"description\":\"Le 1er robot \u00e0 colonnes tiroirs\",\"alternateName\":\"KLS\",\"potentialAction\":[{\"@type\":\"SearchAction\",\"target\":{\"@type\":\"EntryPoint\",\"urlTemplate\":\"https:\/\/kls-pharmarobotics.fr\/?s={search_term_string}\"},\"query-input\":{\"@type\":\"PropertyValueSpecification\",\"valueRequired\":true,\"valueName\":\"search_term_string\"}}],\"inLanguage\":\"fr-FR\"}]}<\/script>\n<!-- \/ Yoast SEO plugin. -->","yoast_head_json":{"title":"R\u00e9f\u00e9rences &#8226; KLS Pharma Robotics","description":"Apr\u00e8s avoir conquis le march\u00e9 allemand et gagn\u00e9e de nombreuses r\u00e9f\u00e9rences en Europe, KLS s'implante en France en mars 2023.","robots":{"index":"index","follow":"follow","max-snippet":"max-snippet:-1","max-image-preview":"max-image-preview:large","max-video-preview":"max-video-preview:-1"},"canonical":"https:\/\/kls-pharmarobotics.fr\/index.php\/references\/","og_locale":"fr_FR","og_type":"article","og_title":"R\u00e9f\u00e9rences &#8226; KLS Pharma Robotics","og_description":"Apr\u00e8s avoir conquis le march\u00e9 allemand et gagn\u00e9e de nombreuses r\u00e9f\u00e9rences en Europe, KLS s'implante en France en mars 2023.","og_url":"https:\/\/kls-pharmarobotics.fr\/index.php\/references\/","og_site_name":"KLS Pharma Robotics","article_modified_time":"2023-03-03T14:41:24+00:00","og_image":[{"width":1654,"height":998,"url":"https:\/\/kls-pharmarobotics.fr\/wp-content\/uploads\/2023\/02\/Visu-tiroirs-robo-large-bleu.jpg","type":"image\/jpeg"}],"twitter_card":"summary_large_image","twitter_misc":{"Dur\u00e9e de lecture estim\u00e9e":"3 minutes"},"schema":{"@context":"https:\/\/schema.org","@graph":[{"@type":"WebPage","@id":"https:\/\/kls-pharmarobotics.fr\/index.php\/references\/","url":"https:\/\/kls-pharmarobotics.fr\/index.php\/references\/","name":"R\u00e9f\u00e9rences &#8226; KLS Pharma Robotics","isPartOf":{"@id":"https:\/\/kls-pharmarobotics.fr\/#website"},"datePublished":"2023-02-26T11:01:07+00:00","dateModified":"2023-03-03T14:41:24+00:00","description":"Apr\u00e8s avoir conquis le march\u00e9 allemand et gagn\u00e9e de nombreuses r\u00e9f\u00e9rences en Europe, KLS s'implante en France en mars 2023.","breadcrumb":{"@id":"https:\/\/kls-pharmarobotics.fr\/index.php\/references\/#breadcrumb"},"inLanguage":"fr-FR","potentialAction":[{"@type":"ReadAction","target":["https:\/\/kls-pharmarobotics.fr\/index.php\/references\/"]}]},{"@type":"BreadcrumbList","@id":"https:\/\/kls-pharmarobotics.fr\/index.php\/references\/#breadcrumb","itemListElement":[{"@type":"ListItem","position":1,"name":"Accueil","item":"https:\/\/kls-pharmarobotics.fr\/"},{"@type":"ListItem","position":2,"name":"R\u00e9f\u00e9rences"}]},{"@type":"WebSite","@id":"https:\/\/kls-pharmarobotics.fr\/#website","url":"https:\/\/kls-pharmarobotics.fr\/","name":"KLS Pharma Robotics","description":"Le 1er robot \u00e0 colonnes tiroirs","alternateName":"KLS","potentialAction":[{"@type":"SearchAction","target":{"@type":"EntryPoint","urlTemplate":"https:\/\/kls-pharmarobotics.fr\/?s={search_term_string}"},"query-input":{"@type":"PropertyValueSpecification","valueRequired":true,"valueName":"search_term_string"}}],"inLanguage":"fr-FR"}]}},"jetpack_sharing_enabled":true,"_links":{"self":[{"href":"https:\/\/kls-pharmarobotics.fr\/index.php\/wp-json\/wp\/v2\/pages\/329","targetHints":{"allow":["GET"]}}],"collection":[{"href":"https:\/\/kls-pharmarobotics.fr\/index.php\/wp-json\/wp\/v2\/pages"}],"about":[{"href":"https:\/\/kls-pharmarobotics.fr\/index.php\/wp-json\/wp\/v2\/types\/page"}],"author":[{"embeddable":true,"href":"https:\/\/kls-pharmarobotics.fr\/index.php\/wp-json\/wp\/v2\/users\/1"}],"replies":[{"embeddable":true,"href":"https:\/\/kls-pharmarobotics.fr\/index.php\/wp-json\/wp\/v2\/comments?post=329"}],"version-history":[{"count":13,"href":"https:\/\/kls-pharmarobotics.fr\/index.php\/wp-json\/wp\/v2\/pages\/329\/revisions"}],"predecessor-version":[{"id":678,"href":"https:\/\/kls-pharmarobotics.fr\/index.php\/wp-json\/wp\/v2\/pages\/329\/revisions\/678"}],"wp:attachment":[{"href":"https:\/\/kls-pharmarobotics.fr\/index.php\/wp-json\/wp\/v2\/media?parent=329"}],"curies":[{"name":"wp","href":"https:\/\/api.w.org\/{rel}","templated":true}]}}